{"id":12,"date":"2014-06-01T13:16:57","date_gmt":"2014-06-01T11:16:57","guid":{"rendered":"http:\/\/undinezimmer.de\/?page_id=12"},"modified":"2022-04-19T08:34:24","modified_gmt":"2022-04-19T06:34:24","slug":"undine-zimmer","status":"publish","type":"page","link":"https:\/\/undinezimmer.de\/blog\/","title":{"rendered":"Undine Zimmer"},"content":{"rendered":"\n<figure class=\"wp-block-pullquote\"><blockquote><p><strong>transclasse<\/strong><br \/>\u201eDas Pr\u00e4fix trans- bezeichnet hier keine \u00dcberwindung oder Erh\u00f6hung, sondern die Bewegung eines \u00dcbergangs, einer Passage von einer Seite auf die andere. Die lateinische Pr\u00e4position trans bedeutet \u201ehin\u00fcber\u201c oder \u201eauf die andere Seite\u201c und beschreibt in diesem Falle den Transit zwischen zwei Klassen.\u201c<\/p><cite>Chantal Jaquet (2018): Zwischen den Klassen. \u00dcber die Nicht-Reproduktion sozialer Macht , S. 20<\/cite><\/blockquote><\/figure>\n\n\n\n<p>Undine Zimmer gibt es in vier Formaten, die sich immer auch mit der Erfahrung der transclasse auseinandersetzen:<\/p>\n\n\n\n<h2 class=\"wp-block-heading\">Schreibberatung<\/h2>\n\n\n\n<p>Beratung von Schreibenden im Kontext von Sozialer Arbeit und Bildung unter Ber\u00fccksichtigung von Mehrsprachigkeit. Kreative Schreibarrangements im Kontext offener M\u00e4dchenarbeit. Inhaltliche Themenschwerpunkte: Soziale Herkunft und biografisches Schreiben, Schreibkompetenz st\u00e4rken. <a href=\"https:\/\/undinezimmer.de\/blog\/usz\/\" data-type=\"page\" data-id=\"8735\">N\u00e4heres zu meinen Angeboten der Schreibberatung findest Du hier.<\/a><\/p>\n\n\n\n<h2 class=\"wp-block-heading\">Referentin f\u00fcr Deprivationserfahrung<\/h2>\n\n\n\n<p>Gerne gestalte ich Lesungen, Vortr\u00e4ge und Workshops f\u00fcr Ihren besonderen Kontext, um mit anderen \u00fcber Ihre (Klassismus-)Erfahrungen zu sprechen und sie zu best\u00e4rken &#8211; oder f\u00fcr das Thema zu sensibilisieren. <a href=\"https:\/\/undinezimmer.de\/blog\/rfd\/\" data-type=\"page\" data-id=\"8703\">Mehr dar\u00fcer hier.<\/a><\/p>\n\n\n\n<h2 class=\"wp-block-heading\">Forscherin<\/h2>\n\n\n\n<p>Aktuell Suche ich f\u00fcr mein Dissertationsprojekt Interviewpartnerinnen. Wenn Sie mehr dar\u00fcber erfahren m\u00f6chten, Interviewwillige kennen oder selbst Interesse an einem Interview haben, <a href=\"https:\/\/undinezimmer.de\/blog\/forschen\/\" data-type=\"page\" data-id=\"8718\">gucken Sie hier.<\/a><\/p>\n\n\n\n<h2 class=\"wp-block-heading\">Das Buch<\/h2>\n\n\n\n<p>Nicht von schlechten Eltern. Meine Hartz IV Familie erschien 2013 bei S. Fischer Verlage. <a href=\"https:\/\/undinezimmer.de\/blog\/buch\/\" data-type=\"page\" data-id=\"2\">Hier findest Du die Inhaltsangabe und die Details.<\/a><\/p>\n\n\n\n<h2 class=\"wp-block-heading\">\u00dcber mich<\/h2>\n\n\n\n<p><a href=\"https:\/\/undinezimmer.de\/blog\/u-m\/\">Mehr zu meiner Bio und f\u00fcr meine Projekte relevante Erfahrungen hier&#8230;<\/a><\/p>\n\n\n\n<h2 class=\"wp-block-heading\">Blog<\/h2>\n\n\n\n<p><a href=\"https:\/\/undinezimmer.de\/blog\/blog\/\" data-type=\"page\" data-id=\"145\">was mich sonst so besch\u00e4ftigen kann&#8230;<\/a><\/p>\n","protected":false},"excerpt":{"rendered":"<p>transclasse\u201eDas Pr\u00e4fix trans- bezeichnet hier keine \u00dcberwindung oder Erh\u00f6hung, sondern die Bewegung eines \u00dcbergangs, einer Passage von einer Seite auf die andere. Die lateinische Pr\u00e4position&#8230;<\/p>\n<div class=\"more-link-wrapper\"><a class=\"more-link\" href=\"https:\/\/undinezimmer.de\/blog\/\">Weiterlesen<span class=\"screen-reader-text\">Undine Zimmer<\/span><\/a><\/div>\n","protected":false},"author":1,"featured_media":0,"parent":0,"menu_order":1,"comment_status":"closed","ping_status":"closed","template":"","meta":{"footnotes":""},"class_list":["post-12","page","type-page","status-publish","hentry","entry"],"_links":{"self":[{"href":"https:\/\/undinezimmer.de\/blog\/wp-json\/wp\/v2\/pages\/12","targetHints":{"allow":["GET"]}}],"collection":[{"href":"https:\/\/undinezimmer.de\/blog\/wp-json\/wp\/v2\/pages"}],"about":[{"href":"https:\/\/undinezimmer.de\/blog\/wp-json\/wp\/v2\/types\/page"}],"author":[{"embeddable":true,"href":"https:\/\/undinezimmer.de\/blog\/wp-json\/wp\/v2\/users\/1"}],"replies":[{"embeddable":true,"href":"https:\/\/undinezimmer.de\/blog\/wp-json\/wp\/v2\/comments?post=12"}],"version-history":[{"count":37,"href":"https:\/\/undinezimmer.de\/blog\/wp-json\/wp\/v2\/pages\/12\/revisions"}],"predecessor-version":[{"id":8813,"href":"https:\/\/undinezimmer.de\/blog\/wp-json\/wp\/v2\/pages\/12\/revisions\/8813"}],"wp:attachment":[{"href":"https:\/\/undinezimmer.de\/blog\/wp-json\/wp\/v2\/media?parent=12"}],"curies":[{"name":"wp","href":"https:\/\/api.w.org\/{rel}","templated":true}]}}