{"id":134,"date":"2015-05-30T09:27:08","date_gmt":"2015-05-30T07:27:08","guid":{"rendered":"http:\/\/undinezimmer.de\/?page_id=134"},"modified":"2016-10-03T09:35:19","modified_gmt":"2016-10-03T07:35:19","slug":"presse","status":"publish","type":"page","link":"https:\/\/undinezimmer.de\/blog\/presse\/","title":{"rendered":"Presse"},"content":{"rendered":"<blockquote>\n<h2>\u00bbDas ist ein Buch, das Mut macht und verdammt gut auch als Survival-Ratgeber taugt.\u00ab<\/h2>\n<\/blockquote>\n<p>Jan Drees, Westdeutscher Rundfunk<\/p>\n<p>&nbsp;<\/p>\n<h6><\/h6>\n<blockquote>\n<h2>\u00bbEin eindringlicher Bericht!\u00ab<\/h2>\n<\/blockquote>\n<p>Rundfunk Berlin-Brandenburg, rbb Radio Fritz, 25.9.2013<\/p>\n<p>&nbsp;<\/p>\n<blockquote>\n<h2>\u00bbein wichtiges Buch\u00ab<\/h2>\n<\/blockquote>\n<p>Michaela Moser, Weiber Diwan, 1.11.2013<\/p>\n<p>&nbsp;<\/p>\n<blockquote>\n<h2>\u00bbEhrlich und reflektiert. [\u2026] Ihre Erz\u00e4hlungen l\u00f6sen Gedanken \u00fcber eigene Lebenseinstellungen aus, belehren nicht.\u00ab<\/h2>\n<\/blockquote>\n<p>Marie Eickhoff, Kirchenzeitung, 17.11.2013<\/p>\n<p>&nbsp;<\/p>\n<blockquote>\n<h2>\u00bbDer Satz \u203aWir haben kein Geld\u2039 kann ein ganzes Leben pr\u00e4gen, sagt [\u2026] Undine Zimmer. Sie erz\u00e4hlt klug, ber\u00fchrend und kein bisschen larmoyant von dieser Pr\u00e4gung.\u00ab<\/h2>\n<\/blockquote>\n<p>Chantal Louis, Emma, September\/Oktober 2013<\/p>\n<p>&nbsp;<\/p>\n<blockquote>\n<h2>\u00bbUndine Zimmer gelingt es, [\u2026] abseits von Schuld- und Opferstereotypen, das hei\u00dft differenziert zu vermitteln, was Armut in einem reichen Land heute bedeutet.\u00ab<\/h2>\n<\/blockquote>\n<p>Ruth Eisenreich, Falter (B\u00fccher-Herbst 2013), 10.10.2013<\/p>\n<p>&nbsp;<\/p>\n<blockquote>\n<h2>\u00bbUndine Zimmer ist ehrlich bis an die Schmerzgrenze. [\u2026] Bevor es zu gef\u00fchlig wird, ist sie aber wieder wunderbar direkt.\u00ab<\/h2>\n<\/blockquote>\n<p>Sybille Hasenclever, Norddeutscher Rundfunk, NDR Info, 26.8.2013<\/p>\n<p>&nbsp;<\/p>\n","protected":false},"excerpt":{"rendered":"<p>\u00bbDas ist ein Buch, das Mut macht und verdammt gut auch als Survival-Ratgeber taugt.\u00ab Jan Drees, Westdeutscher Rundfunk &nbsp; \u00bbEin eindringlicher Bericht!\u00ab Rundfunk Berlin-Brandenburg, rbb&#8230;<\/p>\n<div class=\"more-link-wrapper\"><a class=\"more-link\" href=\"https:\/\/undinezimmer.de\/blog\/presse\/\">Weiterlesen<span class=\"screen-reader-text\">Presse<\/span><\/a><\/div>\n","protected":false},"author":1,"featured_media":0,"parent":0,"menu_order":0,"comment_status":"closed","ping_status":"closed","template":"","meta":{"footnotes":""},"class_list":["post-134","page","type-page","status-publish","hentry","entry"],"_links":{"self":[{"href":"https:\/\/undinezimmer.de\/blog\/wp-json\/wp\/v2\/pages\/134","targetHints":{"allow":["GET"]}}],"collection":[{"href":"https:\/\/undinezimmer.de\/blog\/wp-json\/wp\/v2\/pages"}],"about":[{"href":"https:\/\/undinezimmer.de\/blog\/wp-json\/wp\/v2\/types\/page"}],"author":[{"embeddable":true,"href":"https:\/\/undinezimmer.de\/blog\/wp-json\/wp\/v2\/users\/1"}],"replies":[{"embeddable":true,"href":"https:\/\/undinezimmer.de\/blog\/wp-json\/wp\/v2\/comments?post=134"}],"version-history":[{"count":10,"href":"https:\/\/undinezimmer.de\/blog\/wp-json\/wp\/v2\/pages\/134\/revisions"}],"predecessor-version":[{"id":625,"href":"https:\/\/undinezimmer.de\/blog\/wp-json\/wp\/v2\/pages\/134\/revisions\/625"}],"wp:attachment":[{"href":"https:\/\/undinezimmer.de\/blog\/wp-json\/wp\/v2\/media?parent=134"}],"curies":[{"name":"wp","href":"https:\/\/api.w.org\/{rel}","templated":true}]}}