{"id":2,"date":"2014-05-09T11:57:41","date_gmt":"2014-05-09T09:57:41","guid":{"rendered":"http:\/\/undinezimmer.de\/\/?page_id=2"},"modified":"2022-04-18T16:21:51","modified_gmt":"2022-04-18T14:21:51","slug":"buch","status":"publish","type":"page","link":"https:\/\/undinezimmer.de\/blog\/buch\/","title":{"rendered":"Mein Buch"},"content":{"rendered":"<h3 style=\"text-align: left;\"><b>Nicht\u00a0von schlechten Eltern. Meine Hartz-IV-Famlie<\/b><\/h3>\n<p>Viel wird geredet \u00fcber die\u00a0<span style=\"color: #353535;\"><span style=\"font-family: Helvetica, sans-serif;\"><span style=\"font-size: medium;\">\u00bb<\/span><\/span><\/span>neue Armut<span style=\"color: #353535;\"><span style=\"font-family: Helvetica, sans-serif;\"><span style=\"font-size: medium;\">\u00ab\u00a0<\/span><\/span><\/span>oder die\u00a0<span style=\"color: #353535;\"><span style=\"font-family: Helvetica, sans-serif;\"><span style=\"font-size: medium;\">\u00bb<\/span><\/span><\/span>Unterschicht<span style=\"color: #353535;\"><span style=\"font-family: Helvetica, sans-serif;\"><span style=\"font-size: medium;\">\u00ab<\/span><\/span><\/span>. Doch was es wirklich bedeutet, in unserer Gesellschaft ohne Geld und somit ohen Teilhabe aufzuwachsen, wei\u00df kaum jemand. Jenseits aller Klischees erz\u00e4hlt Undine Zimmer offen von ihrer Kindheit mit Sozialhilfe und gibt so einen Einblick in eine Welt, \u00fcber die zwar viel geredet wird, aber von der kaum wirklich jemand etwas wei\u00df.<\/p>\n<blockquote>\n<h6><span lang=\"de-DE\">Wir sind die Summe der Erfahrungen, die wir machen. F\u00fcr ein Hartz IV-Kind z\u00e4hlen aber auch die, die es nicht macht wie\u00a0Familienurlaub, Klassenausflug, Musikunterricht oder einfach mal ein Eis essen gehen. <\/span><\/h6>\n<\/blockquote>\n<p><span lang=\"de-DE\">F\u00fcr Undine Zimmer war das die Realit\u00e4t. In einem ganz eigenen, souver\u00e4nen Ton erz\u00e4hlt sie davon, was das tats\u00e4chlich bedeutet: von ihren Eltern, die als \u201enicht integrierbar in den Arbeitsmarkt\u201c gelten, von mitleidigen Lehrern, verst\u00e4ndnislosen Sachbearbeitern, der Furcht, blo\u00dfgestellt zu werden und dem st\u00e4ndigen Gef\u00fchl, nicht dazuzugeh\u00f6ren. Jenseits aller Klischees gibt sie einen Einblick in eine Welt, \u00fcber die zwar viel geredet wird, aber von der kaum wirklich jemand etwas wei\u00df. Ein einf\u00fchlsamer und authentischer Bericht, der zeigt, dass Chancengleichheit und Klassenlosigkeit in Deutschland immer noch unerreichte Ziele sind.<\/span><\/p>\n<blockquote>\n<h6><span lang=\"fr-FR\">\u00bb<\/span><span lang=\"de-DE\">Das ist ein Buch, das Mut macht und verdammt gut auch als Survival-Ratgeber taugt.<\/span><span lang=\"fr-FR\">\u00ab <\/span><\/h6>\n<\/blockquote>\n<p>Jan Drees, Westdeutscher Rundfunk, 1 LIVE, 17.9.2013<\/p>\n<p><a href=\"https:\/\/undinezimmer.de\/blog\/presse\/\">Mehr aus der Presse hier<\/a><\/p>\n<p>Eine <strong>Leseprobe<\/strong> finden Sie <a href=\"http:\/\/www.fischerverlage.de\/media\/fs\/308\/LP_978-3-10-092592-3.pdf\" target=\"_blank\" rel=\"noopener\">hier<\/a><\/p>\n<p>Bestellen k\u00f6nnen Sie das Buch <a href=\"http:\/\/www.amazon.de\/Nicht-von-schlechten-Eltern-Hartz-IV-Familie\/dp\/3100925920\" target=\"_blank\" rel=\"noopener\">hier<\/a> <span lang=\"de-DE\">oder unterst\u00fctzen Sie Ihren lokalen Buchh\u00e4ndler<\/span><strong><br \/>\n<\/strong><br \/>\n<strong>Nicht von schlechten Eltern. Meine Hartz-IV Familie <\/strong>erschienen bei\u00a0<a href=\"http:\/\/www.fischerverlage.de\/autor\/undine_zimmer\/21775\" target=\"_blank\" rel=\"noopener\">S. Fischer Verlage<\/a><\/p>\n<p><a href=\"https:\/\/undinezimmer.de\/wp-content\/uploads\/2015\/05\/tb-cover-e1578124100910.jpg\"><img loading=\"lazy\" decoding=\"async\" class=\"wp-image-169 alignleft\" src=\"https:\/\/undinezimmer.de\/wp-content\/uploads\/2015\/05\/tb-cover-e1578124100910-197x300.jpg\" alt=\"\" width=\"135\" height=\"206\" srcset=\"https:\/\/undinezimmer.de\/wp-content\/uploads\/2015\/05\/tb-cover-e1578124100910-197x300.jpg 197w, https:\/\/undinezimmer.de\/wp-content\/uploads\/2015\/05\/tb-cover-e1578124100910-674x1024.jpg 674w, https:\/\/undinezimmer.de\/wp-content\/uploads\/2015\/05\/tb-cover-e1578124100910-768x1167.jpg 768w, https:\/\/undinezimmer.de\/wp-content\/uploads\/2015\/05\/tb-cover-e1578124100910.jpg 777w\" sizes=\"auto, (max-width: 135px) 100vw, 135px\" \/><\/a><\/p>\n<p><strong><span style=\"font-weight: normal;\"><strong>Hardcover<\/strong>\u00a0August 2013, ISBN: 978-3-10-092592-3\u00a0<\/span><\/strong><br \/>\n<em>Preis \u20ac (D) 18,99 | \u20ac (A) 19,60 | SFR 27,50<\/em><br \/>\n<span lang=\"de-DE\"><strong>Taschenbuch<\/strong>\u00a011. Dezember 2014, ISBN: 978-3-596-19595-4\u00a0<\/span><span lang=\"pt-PT\"><br \/>\n<em>Preis <\/em><\/span><em><span lang=\"de-DE\">\u20ac (D) 9,99 | \u20ac (A) 10,30 | SFR 14,90<\/span><\/em><br \/>\n<span lang=\"en-US\"><strong>Ebook<\/strong>\u00a0ISBN: 978-3-10-402326-7\u00a0<\/span><span lang=\"pt-PT\"><br \/>\n<em>Preis <\/em><\/span><em><span lang=\"en-US\">\u20ac (D) 9,99 | \u20ac (A) 10,30<\/span><\/em><\/p>\n<div id=\"goodreads-widget\">\n<div id=\"gr_header\">\n<h6><a href=\"https:\/\/www.goodreads.com\/book\/show\/18463271-nicht-von-schlechten-eltern---meine-hartz-iv-familie\">Goodreads reviews for Nicht von schlechten Eltern &#8211; Meine Hartz-IV-Familie<\/a><\/h6>\n<\/div>\n<p><iframe loading=\"lazy\" id=\"the_iframe\" src=\"https:\/\/www.goodreads.com\/api\/reviews_widget_iframe?did=DEVELOPER_ID&amp;format=html&amp;header_text=Goodreads+reviews+for+Nicht+von+schlechten+Eltern+-+Meine+Hartz-IV-Familie&amp;isbn=3100925920&amp;links=e27fc8&amp;review_back=fff&amp;stars=000&amp;text=000\" width=\"565\" height=\"200\" frameborder=\"0\"><\/iframe><\/p>\n<div id=\"gr_footer\"><\/div>\n<\/div>\n","protected":false},"excerpt":{"rendered":"<p>Nicht\u00a0von schlechten Eltern. Meine Hartz-IV-Famlie Viel wird geredet \u00fcber die\u00a0\u00bbneue Armut\u00ab\u00a0oder die\u00a0\u00bbUnterschicht\u00ab. Doch was es wirklich bedeutet, in unserer Gesellschaft ohne Geld und somit ohen&#8230;<\/p>\n<div class=\"more-link-wrapper\"><a class=\"more-link\" href=\"https:\/\/undinezimmer.de\/blog\/buch\/\">Weiterlesen<span class=\"screen-reader-text\">Mein Buch<\/span><\/a><\/div>\n","protected":false},"author":1,"featured_media":8744,"parent":0,"menu_order":3,"comment_status":"closed","ping_status":"closed","template":"","meta":{"footnotes":""},"class_list":["post-2","page","type-page","status-publish","has-post-thumbnail","hentry","entry"],"_links":{"self":[{"href":"https:\/\/undinezimmer.de\/blog\/wp-json\/wp\/v2\/pages\/2","targetHints":{"allow":["GET"]}}],"collection":[{"href":"https:\/\/undinezimmer.de\/blog\/wp-json\/wp\/v2\/pages"}],"about":[{"href":"https:\/\/undinezimmer.de\/blog\/wp-json\/wp\/v2\/types\/page"}],"author":[{"embeddable":true,"href":"https:\/\/undinezimmer.de\/blog\/wp-json\/wp\/v2\/users\/1"}],"replies":[{"embeddable":true,"href":"https:\/\/undinezimmer.de\/blog\/wp-json\/wp\/v2\/comments?post=2"}],"version-history":[{"count":70,"href":"https:\/\/undinezimmer.de\/blog\/wp-json\/wp\/v2\/pages\/2\/revisions"}],"predecessor-version":[{"id":8803,"href":"https:\/\/undinezimmer.de\/blog\/wp-json\/wp\/v2\/pages\/2\/revisions\/8803"}],"wp:featuredmedia":[{"embeddable":true,"href":"https:\/\/undinezimmer.de\/blog\/wp-json\/wp\/v2\/media\/8744"}],"wp:attachment":[{"href":"https:\/\/undinezimmer.de\/blog\/wp-json\/wp\/v2\/media?parent=2"}],"curies":[{"name":"wp","href":"https:\/\/api.w.org\/{rel}","templated":true}]}}