{"id":27,"date":"2014-06-01T13:16:57","date_gmt":"2014-06-01T11:16:57","guid":{"rendered":"http:\/\/undinezimmer.de\/?page_id=27"},"modified":"2015-06-21T13:59:20","modified_gmt":"2015-06-21T11:59:20","slug":"impressum","status":"publish","type":"page","link":"https:\/\/undinezimmer.de\/blog\/impressum\/","title":{"rendered":"Impressum"},"content":{"rendered":"<h5><strong>www.undinezimmer.de<\/strong><\/h5>\n<p>Die Rechte an allen Texten und Bildern liegen bei Undine Zimmer und sofern entsprechend gekennzeichnet, bei Andreas Labes.<\/p>\n<p>Gestaltung der Website: Undine Zimmer<br \/>\nVerantwortlich f\u00fcr diese Website: Undine Zimmer (Autorin)<br \/>\nc\/o Literarische Agentur Simon<br \/>\nViktoria-Luise-Platz\u00a012<br \/>\n10777 Berlin-Sch\u00f6neberg<br \/>\nTelefon +49 (0) 30 31 51 88 44<br \/>\nFax +49 (0) 30 31 51 88 55<br \/>\nSie erreichen mich auch unter zimmer.undine(a)gmail.com<\/p>\n<p><strong>Dieses Impressum gilt auch f\u00fcr folgende Social Media Profile<\/strong><\/p>\n<p>Facebook: <a href=\"https:\/\/www.facebook.com\/undinezimmer\">https:\/\/www.facebook.com\/undinezimmer<\/a><br \/>\nPinterest: <a href=\"https:\/\/www.pinterest.com\/undinezimmer\/\">https:\/\/www.pinterest.com\/undinezimmer\/<\/a><br \/>\ngoodreads: <a href=\"https:\/\/www.goodreads.com\/author\/show\/7257934.Undine_Zimmer\">https:\/\/www.goodreads.com\/author\/show\/7257934.Undine_Zimmer<\/a><\/p>\n<h6>Datenschutzhinweis<\/h6>\n<pre>Diese Website benutzt Google Analytics, einen Webanalysedienst der Google Inc. (\u201eGoogle\u201c). Google Analytics verwendet sog. \u201eCookies\u201c, Textdateien, die auf Ihrem Computer gespeichert werden und die eine Analyse der Benutzung der Website erm\u00f6glichen. Die durch den Cookie erzeugten Informationen \u00fcber Ihre Benutzung dieser Website werden in der Regel an einen Server von Google in den USA \u00fcbertragen und dort gespeichert. Im Falle der Aktivierung der IP-Anonymisierung auf dieser Webseite, wird Ihre IP-Adresse von Google jedoch innerhalb von Mitgliedstaaten der Europ\u00e4ischen Union oder in anderen Vertragsstaaten des Abkommens \u00fcber den Europ\u00e4ischen Wirtschaftsraum zuvor gek\u00fcrzt. Nur in Ausnahmef\u00e4llen wird die volle IP-Adresse an einen Server von Google in den USA \u00fcbertragen und dort gek\u00fcrzt. Im Auftrag des Betreibers dieser Website wird Google diese Informationen benutzen, um Ihre Nutzung der Website auszuwerten, um Reports \u00fcber die Websiteaktivit\u00e4ten zusammenzustellen und um weitere mit der Websitenutzung und der Internetnutzung verbundene Dienstleistungen gegen\u00fcber dem Websitebetreiber zu erbringen. Die im Rahmen von Google Analytics von Ihrem Browser \u00fcbermittelte IP-Adresse wird nicht mit anderen Daten von Google zusammengef\u00fchrt. Sie k\u00f6nnen die Speicherung der Cookies durch eine entsprechende Einstellung Ihrer Browser-Software verhindern; wir weisen Sie jedoch darauf hin, dass Sie in diesem Fall gegebenenfalls nicht s\u00e4mtliche Funktionen dieser Website vollumf\u00e4nglich werden nutzen k\u00f6nnen. Sie k\u00f6nnen dar\u00fcber hinaus die Erfassung der durch das Cookie erzeugten und auf Ihre Nutzung der Website bezogenen Daten (inkl. Ihrer IP-Adresse) an Google sowie die Verarbeitung dieser Daten durch Google verhindern, indem Sie das unter dem folgenden Link (http:\/\/tools.google.com\/dlpage\/gaoptout?hl=de) verf\u00fcgbare Browser-Plugin herunterladen und installieren. N\u00e4here Informationen zu Nutzungsbedingungen und Datenschutz finden Sie unter http:\/\/www.google.com\/analytics\/terms\/de.html bzw. unter http:\/\/www.google.com\/intl\/de\/analytics\/privacyoverview.html<\/pre>\n<h6>Haftungsausschluss<\/h6>\n<p>Links<\/p>\n<pre>Die Homepage enth\u00e4lt links zu Websites Dritter, f\u00fcr deren Inhalt ich keine rechtliche Verantwortung \u00fcbernehmen kann; diese liegt allein bei den Anbietern, bzw. den Betreibern der betreffenden Seiten. Hiermit distanziere ich mich ausdr\u00fccklich von gegebenenfalls rechtswidrigen Inhalten aller verlinkten Seiten und \u00fcbernehme hierf\u00fcr auch keinerlei Gew\u00e4hr.<\/pre>\n","protected":false},"excerpt":{"rendered":"<p>www.undinezimmer.de Die Rechte an allen Texten und Bildern liegen bei Undine Zimmer und sofern entsprechend gekennzeichnet, bei Andreas Labes. Gestaltung der Website: Undine Zimmer Verantwortlich&#8230;<\/p>\n<div class=\"more-link-wrapper\"><a class=\"more-link\" href=\"https:\/\/undinezimmer.de\/blog\/impressum\/\">Weiterlesen<span class=\"screen-reader-text\">Impressum<\/span><\/a><\/div>\n","protected":false},"author":1,"featured_media":0,"parent":0,"menu_order":7,"comment_status":"closed","ping_status":"closed","template":"","meta":{"footnotes":""},"class_list":["post-27","page","type-page","status-publish","hentry","entry"],"_links":{"self":[{"href":"https:\/\/undinezimmer.de\/blog\/wp-json\/wp\/v2\/pages\/27","targetHints":{"allow":["GET"]}}],"collection":[{"href":"https:\/\/undinezimmer.de\/blog\/wp-json\/wp\/v2\/pages"}],"about":[{"href":"https:\/\/undinezimmer.de\/blog\/wp-json\/wp\/v2\/types\/page"}],"author":[{"embeddable":true,"href":"https:\/\/undinezimmer.de\/blog\/wp-json\/wp\/v2\/users\/1"}],"replies":[{"embeddable":true,"href":"https:\/\/undinezimmer.de\/blog\/wp-json\/wp\/v2\/comments?post=27"}],"version-history":[{"count":15,"href":"https:\/\/undinezimmer.de\/blog\/wp-json\/wp\/v2\/pages\/27\/revisions"}],"predecessor-version":[{"id":215,"href":"https:\/\/undinezimmer.de\/blog\/wp-json\/wp\/v2\/pages\/27\/revisions\/215"}],"wp:attachment":[{"href":"https:\/\/undinezimmer.de\/blog\/wp-json\/wp\/v2\/media?parent=27"}],"curies":[{"name":"wp","href":"https:\/\/api.w.org\/{rel}","templated":true}]}}