{"id":459,"date":"2015-09-29T18:09:21","date_gmt":"2015-09-29T16:09:21","guid":{"rendered":"http:\/\/undinezimmer.de\/?page_id=459"},"modified":"2015-10-01T11:49:11","modified_gmt":"2015-10-01T09:49:11","slug":"sea-changedt","status":"publish","type":"page","link":"https:\/\/undinezimmer.de\/blog\/sea-changedt\/","title":{"rendered":"Europa in der Krise"},"content":{"rendered":"<h3>Junge Europ\u00e4er und wachsende\u00a0soziale Ungleichheit: Ein Gespr\u00e4ch \u00fcber das Fotoprojekt \u00bbSea Change \u2013 Ein neues Europa\u00ab mit\u00a0seinem\u00a0k\u00fcnstlerischen Leiter Harald Birkevold<\/h3>\n<p>&nbsp;<\/p>\n<h6>Hier gehts zum <a href=\"http:\/\/undinezimmer.de\/2015\/09\/sea-change\">englischen\u00a0Original<\/a><\/h6>\n<p>Zwei Jahre lang haben 13 f\u00fchrende europ\u00e4ische Fotografen diese Generation in ihren Heimatl\u00e4ndern auf mehr als 2500 Bildern festgehalten. Was nun in etwa 80 ausgew\u00e4hlten Fotografien in der Ausstellung \u00bb<a href=\"http:\/\/www.projectseachange.com\">Sea Change \u2013 Ein neues Europa<\/a>\u00ab gezeigt wird, ist das Leben dieser jungen Europ\u00e4er.<\/p>\n<p>Wie werden diese Menschen beeinflusst von der fortw\u00e4hrenden \u00f6konomischen Krise? Was sehen wir wirklich auf diesen Bildern? Dies sind die Ausgangsfragen des dokumentarischen Fotoprojekts Sea Change. Zum ersten Mal wurde die Ausstellung im Januar 2015 im <a href=\"http:\/\/www.litteraturhuset.no\/program\/2015\/01\/seachange.html\">Literaturhaus Oslo<\/a>, Norwegen, gezeigt. Seitdem ist sie auf Tour.<\/p>\n<p>Beim Betrachten dieser Bilder sehe ich einer Generation in die Augen, die sich nichts mehr vormachen l\u00e4sst. Die gleichzeitig abgebr\u00fcht und ziellos, verletzlich ihren Weg in der modernen Welt sucht. Immer verbindende Elemente: Gemeinschaften, Parties oft mit Techno als Ausdruck des Lebenswillens, Natur. Es ist eine Generation im Jetzt. Die Zukunft bietet unz\u00e4hlige Alternativen oder keine. Alles oder nichts. Berufe als Berufung kommen hier nicht vor. Eher zeichnet sich eine Suche nach Zugeh\u00f6rigkeit ab. Dazwischen Romantik. Manchmal Entschlossenheit. Wie in dem Bild mit dem Clown.<\/p>\n<p>Ich habe mich mit dem Journalisten und Leiter des Fotoprojekts Harald Birkevold (au\u00dferdem Journalist der norwegischen Tageszeitung <a href=\"http:\/\/www.aftenbladet.no\">Stavanger Aftenblad<\/a>) unterhalten, als wir uns dieses Jahr im September zum zweiten Mal begegnet sind, auf dem <a href=\"http:\/\/www.stavanger-kulturhus.no\/KAPITTEL\/Kapittel-utstilling-Sea-Change-det-nye-Europa\">Literaturfestival Kapittel<\/a> in Stavanger. Ich hatte hier die Gelegenheit im Kontext von Sea Change, aus meinem Buch zu lesen.<\/p>\n<p>Da man sich in den skandinavischen L\u00e4ndern duzt, haben wir das Du auch im Interview beibehalten.<\/p>\n<p><strong>UZ:<\/strong> Harald, wof\u00fcr steht der Titel \u00bbSea Change\u00ab?<\/p>\n<p><strong>Harald Birkevold:<\/strong> Der Name Sea Change geht zur\u00fcck auf William Shakespeare. In seinem St\u00fcck \u00bbDer Sturm\u00ab findet man diesen Ausdruck in einem Gedicht \u00fcber einen Ertrunkenen.<\/p>\n<blockquote><p>\u00bbFull fathom five thy father lies<br \/>\nOf is bones are coral made<br \/>\nThose are pearls that were his eyes<br \/>\nNothing of him that doth fade<br \/>\nBut doth suffer a sea change<br \/>\nInto something rich and strange.\u00ab<\/p>\n<p>\u00bbF\u00fcnf Faden tief dein Vater ligt,<br \/>\nSein Gebein ward zu Corallen,<br \/>\nZu Perlen seine Augen-Ballen,<br \/>\nUnd vom Moder unbesiegt,<br \/>\nWandelt durch der Nymphen Macht<br \/>\nSich jeder Theil von ihm und gl\u00e4nzt in fremder Pracht.\u00ab<\/p><\/blockquote>\n<h6>Auszug aus: William Shakespeare. \u00bbDer Sturm (<a href=\"http:\/\/www.gutenberg.org\/ebooks\/7236\">Projekt Gutenberg<\/a>)<\/h6>\n<p>Heute ist \u00bbsea change\u00ab zu einer feststehenden Wendung geworden. Es steht f\u00fcr eine Transformation, eine grundlegende Ver\u00e4nderung. Wir dachten, das passt zum Ver\u00e4nderungsprozess, in dem sich Europa befindet. Au\u00dferdem ist es ein Wortspiel: \u00bbsea change\u00ab und \u00bbsee change\u00ab.<\/p>\n<p><strong>UZ:<\/strong> In der Ausstellung befindet sich ein Bild des Fotografen <a href=\"http:\/\/fabianweiss.com\">Fabian Weiss<\/a>, das mich besch\u00e4ftigt hat. Es zeigt einen Clown, der mitten in einem Feld steht. Was hat es mit diesem Clown auf sich?<\/p>\n<figure id=\"attachment_513\" aria-describedby=\"caption-attachment-513\" style=\"width: 275px\" class=\"wp-caption alignright\"><a href=\"http:\/\/undinezimmer.de\/wp-content\/uploads\/2015\/10\/FabianWeiss_SeaChange_Clown.jpg\" rel=\"http:\/\/fabianweiss.com\"><img loading=\"lazy\" decoding=\"async\" class=\"wp-image-513 size-full\" src=\"http:\/\/undinezimmer.de\/wp-content\/uploads\/2015\/10\/FabianWeiss_SeaChange_Clown.jpg\" alt=\"Close to J\u00fcchen, North Rhine-Westphalia. A Clandestine Insurgent Rebel Clown at a demonstration against the extension of the coal mine 'Garzweiler' near Cologne. The program includes the resettlement of several small towns. German youth has been very active in the environmentalist movement since its very beginning and there are several radical groups blocking baggers and stopping nuclear transports. Others are jumping onto the train and just enjoying the temporary disobedience.\" width=\"275\" height=\"454\" \/><\/a><figcaption id=\"caption-attachment-513\" class=\"wp-caption-text\">Copyright by Fabian Weiss: Close to J\u00fcchen, North Rhine-Westphalia. A Clandestine Insurgent Rebel Clown at a demonstration against the extension of the coal mine &#8218;Garzweiler&#8216; near Cologne.<\/figcaption><\/figure>\n<p><strong>HB:<\/strong> Der Clown ist ein Aktivist. Er benutzt sein Kost\u00fcm, um Gewalt zwischen der Polizei und Demonstranten zu verhindern. Er stellt sich einfach zwischen die beiden Gruppen und das Problem ist gel\u00f6st. Denn niemand schl\u00e4gt einen Clown, nicht wahr?<\/p>\n<p><strong>UZ:<\/strong> In Begleitung zur Ausstellung bietet Ihr, also Du und der fotografische Leiter <a href=\"http:\/\/www.jocelynbainhogg.eu\">Jocelyn Bain Hogg<\/a>, auch Photoworkshops an. Was passiert in diesen Workshops?<\/p>\n<p><strong>HB:<\/strong> Unser Wunsch ist es, in jeder Stadt Workshops mit jungen Leuten in der Zielgruppe von 16-26 Jahren zu veranstalten. Der Zweck dieser Workshops ist es, eine Verbindung zur Zielgruppe aufzubauen und ihnen die M\u00f6glichkeit zu er\u00f6ffnen, mit erfahrenen Dokumentar-Fotografen zu arbeiten. Das sind zwei intensive Tage. Wir w\u00e4hlen dann aus den Bildern, die w\u00e4hrend dieser Tage entstanden sind aus und pr\u00e4sentieren sie in einem Buch. Das wird von unserem Designer Mark Watkins zusammengestellt. Im Grunde machen unsere Teilnehmer also eine lokale Sea Change Dokumentation in nur zwei Tagen. Es macht Spa\u00df und ist sehr interessant.<\/p>\n<p><strong>UZ:<\/strong> Was lernen die TeilnehmerInnen in diesen zwei Tagen?<\/p>\n<p><strong>HB:<\/strong> Junge Leute haben heutzutage ein so umfangreiches Wissen \u00fcber Bilder und Bildsprache. Aber was macht ein gutes Bild aus im Zeitalter des Selfie? Wir haben deswegen nur eine Regel f\u00fcr die Workshops: Keine Selfies! Wir geben Themen vor, zum Beispiel: Wie gehe ich auf Fremde zu, die ich fotografieren will, wie rahme und selektiere ich. Und wir ermutigen, viele Bilder zu machen. Die meisten Amateure schie\u00dfen viel zu wenig Bilder.<\/p>\n<p><strong>UZ:<\/strong> Was f\u00fcr eine Ausr\u00fcstung ben\u00f6tige ich, um an Euren Workshops teilzunehmen?<\/p>\n<p><strong>HB:<\/strong> Alles was greifbar ist: von Smartphones \u00fcber Kompaktkameras bis zu Spiegelreflexkameras. Die Jugendlichen arbeiten alleine oder in Gruppen. Sie bekommen zwar Auftr\u00e4ge bevor sie auf Motivsuche gehen, wie \u00bbEin Tag in meinem Leben\u00ab, \u00bbMeine Familie\u00ab, \u00bbMenschen im Bus\u00ab,aber die Bilder nehmen sie ohne professionelle Hilfe auf.<\/p>\n<p><strong>UZ:<\/strong>\u00a0Wie geht es mit der Ausstellung weiter?<\/p>\n<p><strong>HB:<\/strong> N\u00e4chste Station ist Wien, danach stehen Salzburg, Malta, Portugal, Island, Litauen und weitere auf dem Programm. Bisher sind wir in ganz Europa bis hinein ins Jahr 2017 gebucht.<\/p>\n<p><strong>UZ:<\/strong> Wenn ich Sea Change auch in meine Stadt einladen m\u00f6chte, was muss ich dann machen?<\/p>\n<p><strong>HB:<\/strong> Wir f\u00fcgen sehr gerne weitere Aussteller hinzu:<\/p>\n<blockquote><p>1. Finde heraus. ob es einen Ausstellungsort gibt, der Platz f\u00fcr etwa 80 Bilder bietet (Wir sind flexibel, wenn es keinen Platz gibt, k\u00f6nnen wir alternativ eine Slideshow anbieten)<\/p>\n<p>2. Finde heraus, ob es ein Budget f\u00fcr einen Workshop gibt (es geht auch ohne, aber wir w\u00fcrden die Bilder wirklich gerne in Verbindung mit einem Workshop zeigen)<\/p>\n<p>3. Wir sind nicht besonders teuer, aber ein bis zwei Lehrer ben\u00f6tigen Fahrtkosten, einen Ort zum \u00dcbernachten und ein kleines Honorar (etwa 300 EUR f\u00fcr zwei Tage, verhandelbar).<\/p>\n<p>4. Gibt es einen Foto-Kurs in einer Schule in der N\u00e4he oder eine andere potentielle Gruppe an Workshop-Teilnehmern?<\/p>\n<p>5. Schick uns eine Mail unter <a href=\"http:\/\/www.projectseachange.com\">www.projectseachange.com<\/a> oder an <a href=\"mailto:post@litteraturhuset.no\">post@litteraturhuset.no<\/a>. Wir waren im M\u00e4rz 2015 im <a href=\"http:\/\/www.lcb.de\/ausstellungen\/2015-03_SeaChange.htm\">Literarischen Colloquium Berlin<\/a> zu sehen und w\u00fcrden sehr gerne noch einmal nach Deutschland kommen.<\/p><\/blockquote>\n<p>Mehr zu Sea Change unter <a href=\"http:\/\/www.projectseachange.com\">www.projectseachange.com<\/a> oder unter\u00a0<a href=\"http:\/\/facebook.com\/projectseachange\">facebook.com\/projectseachange<\/a><\/p>\n<p>&nbsp;<\/p>\n<p>&nbsp;<\/p>\n<p>&nbsp;<\/p>\n","protected":false},"excerpt":{"rendered":"<p>Europa in der Krise<\/p>\n<p>Junge Europ\u00e4er und wachsende soziale Ungleichheit: Ein Gespr\u00e4ch \u00fcber das Fotoprojekt \u00bbSea Change \u2013 Ein neues Europa\u00ab mit seinem k\u00fcnstlerischen Leiter Harald Birkevold<\/p>\n<p>Hier gehts zum englischen Original<\/p>\n<div class=\"more-link-wrapper\"><a class=\"more-link\" href=\"https:\/\/undinezimmer.de\/blog\/sea-changedt\/\">Weiterlesen<span class=\"screen-reader-text\">Europa in der Krise<\/span><\/a><\/div>\n","protected":false},"author":1,"featured_media":514,"parent":0,"menu_order":0,"comment_status":"closed","ping_status":"closed","template":"","meta":{"footnotes":""},"class_list":["post-459","page","type-page","status-publish","has-post-thumbnail","hentry","entry"],"_links":{"self":[{"href":"https:\/\/undinezimmer.de\/blog\/wp-json\/wp\/v2\/pages\/459","targetHints":{"allow":["GET"]}}],"collection":[{"href":"https:\/\/undinezimmer.de\/blog\/wp-json\/wp\/v2\/pages"}],"about":[{"href":"https:\/\/undinezimmer.de\/blog\/wp-json\/wp\/v2\/types\/page"}],"author":[{"embeddable":true,"href":"https:\/\/undinezimmer.de\/blog\/wp-json\/wp\/v2\/users\/1"}],"replies":[{"embeddable":true,"href":"https:\/\/undinezimmer.de\/blog\/wp-json\/wp\/v2\/comments?post=459"}],"version-history":[{"count":21,"href":"https:\/\/undinezimmer.de\/blog\/wp-json\/wp\/v2\/pages\/459\/revisions"}],"predecessor-version":[{"id":532,"href":"https:\/\/undinezimmer.de\/blog\/wp-json\/wp\/v2\/pages\/459\/revisions\/532"}],"wp:featuredmedia":[{"embeddable":true,"href":"https:\/\/undinezimmer.de\/blog\/wp-json\/wp\/v2\/media\/514"}],"wp:attachment":[{"href":"https:\/\/undinezimmer.de\/blog\/wp-json\/wp\/v2\/media?parent=459"}],"curies":[{"name":"wp","href":"https:\/\/api.w.org\/{rel}","templated":true}]}}