{"id":8703,"date":"2022-04-18T09:54:02","date_gmt":"2022-04-18T07:54:02","guid":{"rendered":"https:\/\/undinezimmer.de\/blog\/?page_id=8703"},"modified":"2022-04-20T06:59:37","modified_gmt":"2022-04-20T04:59:37","slug":"rfd","status":"publish","type":"page","link":"https:\/\/undinezimmer.de\/blog\/rfd\/","title":{"rendered":"Referentin f\u00fcr Deprivationserfahrung"},"content":{"rendered":"\n<p>Gerne gestalte ich Lesungen, Vortr\u00e4ge und Workshops f\u00fcr Ihren besonderen Kontext, um mit anderen \u00fcber ihre (Klassismus-)Erfahrungen zu sprechen und sie zu best\u00e4rken &#8211; oder f\u00fcr das Thema zu sensibilisieren. <\/p>\n\n\n\n<p>In meinem Fall hei\u00dft, \u201etransclasse\u201c-Erfahrungen auch Erfahrungen von Mangel an \u00f6konomischen, sozialen, kulturellen und symbolischen Ressourcen zu verhandeln. \u00dcber meine Erfahrungen habe ich 2013 ein Buch geschrieben. Seit dem stehe ich f\u00fcr Lesungen, Vortr\u00e4ge und Workshops zur Verf\u00fcgung um mit anderen \u00fcber Ihre Erfahrungen zu sprechen. Mein Ziel ist es Mut machen \u00fcber Herkunft, Klasse und Armut zu reden, Fragen und Hinterfragen zu stellen \u2013 ohne immer eine Antwort geben zu k\u00f6nnen, Tipps von Anderen und eigene Erfahrungen teilen, um das \u201etransclasse-Selbstbewusstsein\u201c zu st\u00e4rken. Wenn Du solche Erfahrungen machst, bist Du nicht allein.<\/p>\n\n\n\n<p>Seit 2013 bin ich auf Veranstaltungen zu kommunalen Pr\u00e4ventionsketten, Armutswochen, Konferenzen, Veranstaltungen mit Jugendh\u00e4usern oder in Kooperation mit Sozialen Tr\u00e4gern unterwegs.<\/p>\n\n\n\n<p><\/p>\n\n\n\n<p><\/p>\n","protected":false},"excerpt":{"rendered":"<p>Gerne gestalte ich Lesungen, Vortr\u00e4ge und Workshops f\u00fcr Ihren besonderen Kontext, um mit anderen \u00fcber ihre (Klassismus-)Erfahrungen zu sprechen und sie zu best\u00e4rken &#8211; oder&#8230;<\/p>\n<div class=\"more-link-wrapper\"><a class=\"more-link\" href=\"https:\/\/undinezimmer.de\/blog\/rfd\/\">Weiterlesen<span class=\"screen-reader-text\">Referentin f\u00fcr Deprivationserfahrung<\/span><\/a><\/div>\n","protected":false},"author":1,"featured_media":8750,"parent":0,"menu_order":0,"comment_status":"closed","ping_status":"closed","template":"","meta":{"footnotes":""},"class_list":["post-8703","page","type-page","status-publish","has-post-thumbnail","hentry","entry"],"_links":{"self":[{"href":"https:\/\/undinezimmer.de\/blog\/wp-json\/wp\/v2\/pages\/8703","targetHints":{"allow":["GET"]}}],"collection":[{"href":"https:\/\/undinezimmer.de\/blog\/wp-json\/wp\/v2\/pages"}],"about":[{"href":"https:\/\/undinezimmer.de\/blog\/wp-json\/wp\/v2\/types\/page"}],"author":[{"embeddable":true,"href":"https:\/\/undinezimmer.de\/blog\/wp-json\/wp\/v2\/users\/1"}],"replies":[{"embeddable":true,"href":"https:\/\/undinezimmer.de\/blog\/wp-json\/wp\/v2\/comments?post=8703"}],"version-history":[{"count":7,"href":"https:\/\/undinezimmer.de\/blog\/wp-json\/wp\/v2\/pages\/8703\/revisions"}],"predecessor-version":[{"id":8828,"href":"https:\/\/undinezimmer.de\/blog\/wp-json\/wp\/v2\/pages\/8703\/revisions\/8828"}],"wp:featuredmedia":[{"embeddable":true,"href":"https:\/\/undinezimmer.de\/blog\/wp-json\/wp\/v2\/media\/8750"}],"wp:attachment":[{"href":"https:\/\/undinezimmer.de\/blog\/wp-json\/wp\/v2\/media?parent=8703"}],"curies":[{"name":"wp","href":"https:\/\/api.w.org\/{rel}","templated":true}]}}