{"id":8711,"date":"2022-04-18T10:06:24","date_gmt":"2022-04-18T08:06:24","guid":{"rendered":"https:\/\/undinezimmer.de\/blog\/?page_id=8711"},"modified":"2022-04-20T06:38:12","modified_gmt":"2022-04-20T04:38:12","slug":"u-m","status":"publish","type":"page","link":"https:\/\/undinezimmer.de\/blog\/u-m\/","title":{"rendered":"\u00dcber mich"},"content":{"rendered":"\n<blockquote class=\"wp-block-quote is-layout-flow wp-block-quote-is-layout-flow\"><p>\u00bbEs ist so viel leichter f\u00fcr Tr\u00e4ume auch zu k\u00e4mpfen, wenn du unterwegs Menschen triffst, die dich verstehen und an dich glauben, wenn du selbst noch an Dir zweifelst.\u00ab <\/p><cite>Undine Zimmer (2013) Nicht von schlechten Eltern, S. 25<\/cite><\/blockquote>\n\n\n\n<p>Undine Zimmer, geboren 1979, studierte in ihrer Heimatstadt Berlin Skandinavistik, Neuere Deutsche Literatur und Publizistik. Sie arbeitete 2008 bis 2013 als freie Mitarbeiterin bei Tageszeitungen und Magazinen, u.a. Potsdamer Neueste Nachrichten, \u00bbAVIVA-Berlin\u00ab, \u00bbTaz\u00ab, \u00bbSchwarzw\u00e4lder Boten\u00ab, \u00bbBrigitte\u00ab und besuchte die Zeitenspiegel Reportageschule in Reutlingen.<\/p>\n\n\n\n<p>Im \u00bbZeit-Magazin\u00ab erschien im Oktober 2011 ihre Ich-Reportage \u00bb<a href=\"http:\/\/www.zeit.de\/2011\/41\/Hartz-IV-Familie\/komplettansicht\">Meine Hartz-IV-Familie<\/a>\u00ab als Titelgeschichte. Diese wurde im Folgejahr in der Kategorie Essay f\u00fcr den Henri-Nannen-Preis nominiert und wuchs weiter zu dem vorliegenden Buch.<\/p>\n\n\n\n<p>Als Autorin wird sie zu Leseabenden eingeladen, ist Gast in Diskussionsrunden und auf Tagungen, leitet Workshops in Zusammenarbeit mit sozialen Tr\u00e4gern und Bildungseinrichtungen. 2014 war sie Stipendiatin des DAAD als \u00bbWriter in Residence\u00ab an den Universit\u00e4ten Sheffield und Cambridge.<\/p>\n\n\n\n<p>Als Migrationsbeauftragte und Beauftragte f\u00fcr Chancengleichheit am Arbeitsmarkt ber\u00e4t und begleitet Undine Zimmer seit 2017 Frauen mit Flucht- und Migrationserfahrungen bei den ersten Schritten ins Abenteuer Arbeitsmarkt. Sie betreut Ma\u00dfnahmen des Jobcenters f\u00fcr gefl\u00fcchtete Frauen und Migrantinnen im Leistungsbezug ALG II. In dieser Funktion kooperiert sie mit lokalen Netzwerkpartnern,  Sprachkurstr\u00e4gern, Integrationsmanagement. Aus ihrer T\u00e4tigkeit kennt sie viele Themen, die sowohl Frauen als auch Helfende bewegen und immer wieder an ihre Grenzen bringen.<\/p>\n\n\n\n<p><a href=\"http:\/\/bio\" data-type=\"URL\" data-id=\"bio\">Kurzbio auf Englisch<\/a><\/p>\n\n\n\n<p><\/p>\n","protected":false},"excerpt":{"rendered":"<p>\u00bbEs ist so viel leichter f\u00fcr Tr\u00e4ume auch zu k\u00e4mpfen, wenn du unterwegs Menschen triffst, die dich verstehen und an dich glauben, wenn du selbst&#8230;<\/p>\n<div class=\"more-link-wrapper\"><a class=\"more-link\" href=\"https:\/\/undinezimmer.de\/blog\/u-m\/\">Weiterlesen<span class=\"screen-reader-text\">\u00dcber mich<\/span><\/a><\/div>\n","protected":false},"author":1,"featured_media":8716,"parent":0,"menu_order":0,"comment_status":"closed","ping_status":"closed","template":"","meta":{"footnotes":""},"class_list":["post-8711","page","type-page","status-publish","has-post-thumbnail","hentry","entry"],"_links":{"self":[{"href":"https:\/\/undinezimmer.de\/blog\/wp-json\/wp\/v2\/pages\/8711","targetHints":{"allow":["GET"]}}],"collection":[{"href":"https:\/\/undinezimmer.de\/blog\/wp-json\/wp\/v2\/pages"}],"about":[{"href":"https:\/\/undinezimmer.de\/blog\/wp-json\/wp\/v2\/types\/page"}],"author":[{"embeddable":true,"href":"https:\/\/undinezimmer.de\/blog\/wp-json\/wp\/v2\/users\/1"}],"replies":[{"embeddable":true,"href":"https:\/\/undinezimmer.de\/blog\/wp-json\/wp\/v2\/comments?post=8711"}],"version-history":[{"count":4,"href":"https:\/\/undinezimmer.de\/blog\/wp-json\/wp\/v2\/pages\/8711\/revisions"}],"predecessor-version":[{"id":8820,"href":"https:\/\/undinezimmer.de\/blog\/wp-json\/wp\/v2\/pages\/8711\/revisions\/8820"}],"wp:featuredmedia":[{"embeddable":true,"href":"https:\/\/undinezimmer.de\/blog\/wp-json\/wp\/v2\/media\/8716"}],"wp:attachment":[{"href":"https:\/\/undinezimmer.de\/blog\/wp-json\/wp\/v2\/media?parent=8711"}],"curies":[{"name":"wp","href":"https:\/\/api.w.org\/{rel}","templated":true}]}}