{"id":8718,"date":"2022-04-18T10:38:24","date_gmt":"2022-04-18T08:38:24","guid":{"rendered":"https:\/\/undinezimmer.de\/blog\/?page_id=8718"},"modified":"2023-11-27T14:36:52","modified_gmt":"2023-11-27T12:36:52","slug":"forschen","status":"publish","type":"page","link":"https:\/\/undinezimmer.de\/blog\/forschen\/","title":{"rendered":"Mit Hartz IV zum Abitur"},"content":{"rendered":"\n<h3 class=\"wp-block-heading\"><em>Aktuell Suche ich f\u00fcr mein Dissertationsprojekt Interviewpartnerinnen.<\/em><\/h3>\n\n\n\n<p>Ich promoviere berufsbegleitend am Promotionszentrum Hessen in Sozialer Arbeit. Ich besch\u00e4ftigte mich schon l\u00e4nger damit, was es bedeutet, ein Kind von Langzeitarbeitslosen und Familien im Transferleistungsbezug zu sein. Das interessiert mich auch, weil ich meine pers\u00f6nlichen Erfahrungen hierzu schon vor einigen Jahren aufgeschrieben habe und seitdem immer wieder mit anderen ins Gespr\u00e4ch dar\u00fcber komme. Nun soll das Thema Bildungsmotivation vor dem Hintergrund sozialer Ungleichheit auch Gegenstand meiner Promotion werden. Dazu brauche ich Deine Unterst\u00fctzung.<\/p>\n\n\n\n<blockquote class=\"wp-block-quote is-layout-flow wp-block-quote-is-layout-flow\">\n<p><br \/>Hat Deine Familie Erfahrungen mit Hartz-IV \/B\u00fcrgergeld\/ dem Jobcenter  oder Sozialhilfe gemacht? Hast Du Erfahrungen mit der station\u00e4ren Jugendhilfe? Dann beeinflusst das vermutlich auch deinen (Schul)Alltag. H\u00e4ttest Du \u2026<br \/>\u00a0<br \/><strong>Lust davon zu erz\u00e4hlen? Ich w\u00fcrde Dir gerne zuh\u00f6ren!<\/strong><\/p>\n<\/blockquote>\n\n\n\n<p><br \/>\u00a0<br \/>F\u00fcr meine Promotion suche ich junge Frauen auf dem Weg zum Abitur. Ich suche Personen aus Familien, die schon \u00fcber l\u00e4ngere Zeit (5 Jahre oder mehr) Geld vom Jobcenter (ALG II \/ Hartz IV\/B\u00fcrgergeld) oder Grundsicherung der station\u00e4ren Jugendhilfe (nach SGB VIII) bekommen oder bekommen haben. Wenn das auf Dich zutrifft, w\u00fcrde ich gerne in vertraulicher Atmosph\u00e4re an einem Ort Deiner Wahl ein Interview mit Dir f\u00fchren. Deine Daten bleiben anonym, was Du erz\u00e4hlst, kann sp\u00e4ter keiner auf Dich zur\u00fcckf\u00fchren. In dem Gespr\u00e4ch geht es vor allem um Dich und Deinen (Schul)Alltag. Du beantwortest nur die Fragen, mit denen Du Dich wohl f\u00fchlst.<\/p>\n\n\n\n<p><strong>Kontakt<\/strong><br \/>Ich w\u00e4re Dir sehr dankbar, wenn Du mich bei meinem Projekt unterst\u00fctzt. Solltest du noch unsicher sein oder Fragen haben, melde Dich einfach bei mir unter undine.zimmer(@)sw.hs-fulda.de oder schreib mir auf Insta unter <a href=\"https:\/\/www.instagram.com\/undinezimmer\/\">@undinezimmer<\/a><\/p>\n\n\n\n<p><\/p>\n\n\n\n<p><\/p>\n","protected":false},"excerpt":{"rendered":"<p>Aktuell Suche ich f\u00fcr mein Dissertationsprojekt Interviewpartnerinnen. Ich promoviere berufsbegleitend am Promotionszentrum Hessen in Sozialer Arbeit. Ich besch\u00e4ftigte mich schon l\u00e4nger damit, was es bedeutet,&#8230;<\/p>\n<div class=\"more-link-wrapper\"><a class=\"more-link\" href=\"https:\/\/undinezimmer.de\/blog\/forschen\/\">Weiterlesen<span class=\"screen-reader-text\">Mit Hartz IV zum Abitur<\/span><\/a><\/div>\n","protected":false},"author":1,"featured_media":8719,"parent":0,"menu_order":0,"comment_status":"closed","ping_status":"closed","template":"","meta":{"footnotes":""},"class_list":["post-8718","page","type-page","status-publish","has-post-thumbnail","hentry","entry"],"_links":{"self":[{"href":"https:\/\/undinezimmer.de\/blog\/wp-json\/wp\/v2\/pages\/8718","targetHints":{"allow":["GET"]}}],"collection":[{"href":"https:\/\/undinezimmer.de\/blog\/wp-json\/wp\/v2\/pages"}],"about":[{"href":"https:\/\/undinezimmer.de\/blog\/wp-json\/wp\/v2\/types\/page"}],"author":[{"embeddable":true,"href":"https:\/\/undinezimmer.de\/blog\/wp-json\/wp\/v2\/users\/1"}],"replies":[{"embeddable":true,"href":"https:\/\/undinezimmer.de\/blog\/wp-json\/wp\/v2\/comments?post=8718"}],"version-history":[{"count":9,"href":"https:\/\/undinezimmer.de\/blog\/wp-json\/wp\/v2\/pages\/8718\/revisions"}],"predecessor-version":[{"id":8833,"href":"https:\/\/undinezimmer.de\/blog\/wp-json\/wp\/v2\/pages\/8718\/revisions\/8833"}],"wp:featuredmedia":[{"embeddable":true,"href":"https:\/\/undinezimmer.de\/blog\/wp-json\/wp\/v2\/media\/8719"}],"wp:attachment":[{"href":"https:\/\/undinezimmer.de\/blog\/wp-json\/wp\/v2\/media?parent=8718"}],"curies":[{"name":"wp","href":"https:\/\/api.w.org\/{rel}","templated":true}]}}