{"id":8735,"date":"2022-04-18T10:58:09","date_gmt":"2022-04-18T08:58:09","guid":{"rendered":"https:\/\/undinezimmer.de\/blog\/?page_id=8735"},"modified":"2022-04-20T06:57:43","modified_gmt":"2022-04-20T04:57:43","slug":"usz","status":"publish","type":"page","link":"https:\/\/undinezimmer.de\/blog\/usz\/","title":{"rendered":"Schreibberatung"},"content":{"rendered":"\n<p>Beratung von Schreibenden im Kontext von Sozialer Arbeit und Bildung unter Ber\u00fccksichtigung von Mehrsprachigkeit. Kreative Schreibarrangements im Kontext offener M\u00e4dchenarbeit. Inhaltliche Themenschwerpunkte: Soziale Herkunft und biografisches Schreiben, Schreibkompetenz st\u00e4rken<\/p>\n\n\n\n<p>Schreibberatung im \u00dcbergang von Schule und Beruf, Ausbildung, Studium, insbesondere im Kontext offener M\u00e4dchenarbeit f\u00fcr (junge)Frauen.<\/p>\n\n\n\n<p>Schreibkompetenz durch kreative Schreibarrangements auch im Kontext von Mehrsprachigkeit st\u00e4rken.<\/p>\n\n\n\n<p>Undine ist seit 2021 zertifizierte Schreibberaterin. Ausgebildet an der PH Freiburg bei Gerd Br\u00e4uer<\/p>\n\n\n\n<p><\/p>\n\n\n\n<h3 class=\"wp-block-heading\">Willkommen in UndineS<em>chreib<\/em>Zimmer<\/h3>\n\n\n\n<p>In<strong> UndineS<em>chreib<\/em>Zimmer<\/strong> braucht niemand Angst vor Rechtschreibung oder Grammatik haben. Jede kann schreiben wohin der Stift oder die Tastatur sie lenkt. Sauert\u00f6pfische Kritiker, Besserwisser und Genrew\u00e4chter haben hier keinen Zutritt.<\/p>\n\n\n\n<p>Schreiben hei\u00dft ausprobieren und die Grenzen zwischen Realit\u00e4t und Fantasie verwischen. Finde deinen Ton und deine Schreibstimme. Erz\u00e4hle deine Geschichte aus deiner Perspektive. Schreiben ist kommunizieren.<\/p>\n\n\n\n<p>Undine ist davon \u00fcberzeugt, dass Schreiben ein n\u00fctzliches Werkzeug im Alltag ist, das nicht nur beim Lernen hilft. Schreiben ist eine Superpower.ffffff<\/p>\n\n\n\n<p><\/p>\n\n\n\n<p>Aktuelle Kooperationen mit <a href=\"http:\/\/www.maedchencafe-reutlingen.de\/\">g\u00d6rls e.V. M\u00e4dchen* caf\u00e9 <\/a> und <a href=\"https:\/\/dialog-rt.de\/selbstbestimmt\/\">Selbst?Bestimmt!<\/a> <\/p>\n\n\n\n<p>Bild: aus dem <a href=\"https:\/\/shop.budrich.de\/produkt\/der-schreibimpulsfaecher\/\">Schreibimpulsf\u00e4cher<\/a> von Ingrid Scher\u00fcbl und Katja G\u00fcnther<\/p>\n\n\n\n<p><br \/><\/p>\n","protected":false},"excerpt":{"rendered":"<p>Beratung von Schreibenden im Kontext von Sozialer Arbeit und Bildung unter Ber\u00fccksichtigung von Mehrsprachigkeit. Kreative Schreibarrangements im Kontext offener M\u00e4dchenarbeit. Inhaltliche Themenschwerpunkte: Soziale Herkunft und&#8230;<\/p>\n<div class=\"more-link-wrapper\"><a class=\"more-link\" href=\"https:\/\/undinezimmer.de\/blog\/usz\/\">Weiterlesen<span class=\"screen-reader-text\">Schreibberatung<\/span><\/a><\/div>\n","protected":false},"author":1,"featured_media":8806,"parent":0,"menu_order":0,"comment_status":"closed","ping_status":"closed","template":"","meta":{"footnotes":""},"class_list":["post-8735","page","type-page","status-publish","has-post-thumbnail","hentry","entry"],"_links":{"self":[{"href":"https:\/\/undinezimmer.de\/blog\/wp-json\/wp\/v2\/pages\/8735","targetHints":{"allow":["GET"]}}],"collection":[{"href":"https:\/\/undinezimmer.de\/blog\/wp-json\/wp\/v2\/pages"}],"about":[{"href":"https:\/\/undinezimmer.de\/blog\/wp-json\/wp\/v2\/types\/page"}],"author":[{"embeddable":true,"href":"https:\/\/undinezimmer.de\/blog\/wp-json\/wp\/v2\/users\/1"}],"replies":[{"embeddable":true,"href":"https:\/\/undinezimmer.de\/blog\/wp-json\/wp\/v2\/comments?post=8735"}],"version-history":[{"count":12,"href":"https:\/\/undinezimmer.de\/blog\/wp-json\/wp\/v2\/pages\/8735\/revisions"}],"predecessor-version":[{"id":8826,"href":"https:\/\/undinezimmer.de\/blog\/wp-json\/wp\/v2\/pages\/8735\/revisions\/8826"}],"wp:featuredmedia":[{"embeddable":true,"href":"https:\/\/undinezimmer.de\/blog\/wp-json\/wp\/v2\/media\/8806"}],"wp:attachment":[{"href":"https:\/\/undinezimmer.de\/blog\/wp-json\/wp\/v2\/media?parent=8735"}],"curies":[{"name":"wp","href":"https:\/\/api.w.org\/{rel}","templated":true}]}}